{"id":28733,"date":"2023-03-23T12:35:44","date_gmt":"2023-03-23T12:35:44","guid":{"rendered":"https:\/\/renera.energy\/news\/"},"modified":"2025-04-24T13:46:26","modified_gmt":"2025-04-24T13:46:26","slug":"news","status":"publish","type":"page","link":"https:\/\/renera.energy\/de-de\/news\/","title":{"rendered":"Aktuelles_de-de"},"content":{"rendered":"\t\t<div data-elementor-type=\"wp-page\" data-elementor-id=\"28733\" class=\"elementor elementor-28733 elementor-17973\" data-elementor-post-type=\"page\">\n\t\t\t\t<div class=\"elementor-element elementor-element-a2b0b84 e-flex e-con-boxed e-con e-parent\" data-id=\"a2b0b84\" data-element_type=\"container\" data-e-type=\"container\">\n\t\t\t\t\t<div class=\"e-con-inner\">\n\t\t\t\t<div class=\"elementor-element elementor-element-9bf5ee8 elementor-widget elementor-widget-heading\" data-id=\"9bf5ee8\" data-element_type=\"widget\" data-e-type=\"widget\" data-widget_type=\"heading.default\">\n\t\t\t\t<div class=\"elementor-widget-container\">\n\t\t\t\t\t<h2 class=\"elementor-heading-title elementor-size-default\">Unsere News<\/h2>\t\t\t\t<\/div>\n\t\t\t\t<\/div>\n\t\t\t\t\t<\/div>\n\t\t\t\t<\/div>\n\t\t<div class=\"elementor-element elementor-element-826bc3e e-flex e-con-boxed e-con e-parent\" data-id=\"826bc3e\" data-element_type=\"container\" data-e-type=\"container\">\n\t\t\t\t\t<div class=\"e-con-inner\">\n\t\t<div class=\"elementor-element elementor-element-98d2237 e-con-full e-flex e-con e-child\" data-id=\"98d2237\" data-element_type=\"container\" data-e-type=\"container\">\n\t\t\t\t<div class=\"elementor-element elementor-element-71f828b elementor-grid-1 elementor-grid-tablet-1 elementor-grid-mobile-1 elementor-posts--thumbnail-top elementor-widget elementor-widget-posts\" data-id=\"71f828b\" data-element_type=\"widget\" data-e-type=\"widget\" data-settings=\"{&quot;classic_columns&quot;:&quot;1&quot;,&quot;classic_row_gap&quot;:{&quot;unit&quot;:&quot;px&quot;,&quot;size&quot;:0,&quot;sizes&quot;:[]},&quot;classic_columns_tablet&quot;:&quot;1&quot;,&quot;classic_columns_mobile&quot;:&quot;1&quot;,&quot;classic_row_gap_tablet&quot;:{&quot;unit&quot;:&quot;px&quot;,&quot;size&quot;:&quot;&quot;,&quot;sizes&quot;:[]},&quot;classic_row_gap_mobile&quot;:{&quot;unit&quot;:&quot;px&quot;,&quot;size&quot;:&quot;&quot;,&quot;sizes&quot;:[]}}\" data-widget_type=\"posts.classic\">\n\t\t\t\t<div class=\"elementor-widget-container\">\n\t\t\t\t\t\t\t<div class=\"elementor-posts-container elementor-posts elementor-posts--skin-classic elementor-grid\" role=\"list\">\n\t\t\t\t<article class=\"elementor-post elementor-grid-item post-32631 post type-post status-publish format-standard has-post-thumbnail hentry category-uncategorized-de-de\" role=\"listitem\">\n\t\t\t\t<a class=\"elementor-post__thumbnail__link\" href=\"https:\/\/renera.energy\/de-de\/2024\/09\/17\/gemeinsam-mit-renera-setzt-methagora-erstmals-sein-innovatives-virtuelle-pipeline-konzept-erfolgreich-um\/\" tabindex=\"-1\" >\n\t\t\t<div class=\"elementor-post__thumbnail\"><img fetchpriority=\"high\" decoding=\"async\" width=\"1999\" height=\"1499\" src=\"https:\/\/renera.energy\/wp-content\/uploads\/2024\/09\/CNG-1.webp\" class=\"attachment-full size-full wp-image-32548\" alt=\"\" srcset=\"https:\/\/renera.energy\/wp-content\/uploads\/2024\/09\/CNG-1.webp 1999w, https:\/\/renera.energy\/wp-content\/uploads\/2024\/09\/CNG-1-628x471.webp 628w, https:\/\/renera.energy\/wp-content\/uploads\/2024\/09\/CNG-1-1024x768.webp 1024w, https:\/\/renera.energy\/wp-content\/uploads\/2024\/09\/CNG-1-768x576.webp 768w, https:\/\/renera.energy\/wp-content\/uploads\/2024\/09\/CNG-1-1536x1152.webp 1536w, https:\/\/renera.energy\/wp-content\/uploads\/2024\/09\/CNG-1-800x600.webp 800w, https:\/\/renera.energy\/wp-content\/uploads\/2024\/09\/CNG-1-1167x875.webp 1167w, https:\/\/renera.energy\/wp-content\/uploads\/2024\/09\/CNG-1-1200x900.webp 1200w, https:\/\/renera.energy\/wp-content\/uploads\/2024\/09\/CNG-1-1980x1485.webp 1980w\" sizes=\"(max-width: 1999px) 100vw, 1999px\" \/><\/div>\n\t\t<\/a>\n\t\t\t\t<div class=\"elementor-post__text\">\n\t\t\t\t<\/div>\n\t\t\t\t<\/article>\n\t\t\t\t<\/div>\n\t\t\n\t\t\t\t\t\t<\/div>\n\t\t\t\t<\/div>\n\t\t\t\t<\/div>\n\t\t<div class=\"elementor-element elementor-element-283b902 e-con-full e-flex e-con e-child\" data-id=\"283b902\" data-element_type=\"container\" data-e-type=\"container\">\n\t\t\t\t<div class=\"elementor-element elementor-element-a5e4405 elementor-grid-1 elementor-grid-tablet-1 elementor-posts--thumbnail-none elementor-grid-mobile-1 elementor-widget elementor-widget-posts\" data-id=\"a5e4405\" data-element_type=\"widget\" data-e-type=\"widget\" data-settings=\"{&quot;classic_columns&quot;:&quot;1&quot;,&quot;classic_columns_tablet&quot;:&quot;1&quot;,&quot;classic_row_gap&quot;:{&quot;unit&quot;:&quot;px&quot;,&quot;size&quot;:&quot;&quot;,&quot;sizes&quot;:[]},&quot;classic_columns_mobile&quot;:&quot;1&quot;,&quot;classic_row_gap_tablet&quot;:{&quot;unit&quot;:&quot;px&quot;,&quot;size&quot;:&quot;&quot;,&quot;sizes&quot;:[]},&quot;classic_row_gap_mobile&quot;:{&quot;unit&quot;:&quot;px&quot;,&quot;size&quot;:&quot;&quot;,&quot;sizes&quot;:[]}}\" data-widget_type=\"posts.classic\">\n\t\t\t\t<div class=\"elementor-widget-container\">\n\t\t\t\t\t\t\t<div class=\"elementor-posts-container elementor-posts elementor-posts--skin-classic elementor-grid\" role=\"list\">\n\t\t\t\t<article class=\"elementor-post elementor-grid-item post-32631 post type-post status-publish format-standard has-post-thumbnail hentry category-uncategorized-de-de\" role=\"listitem\">\n\t\t\t\t<div class=\"elementor-post__text\">\n\t\t\t\t<h3 class=\"elementor-post__title\">\n\t\t\t<a href=\"https:\/\/renera.energy\/de-de\/2024\/09\/17\/gemeinsam-mit-renera-setzt-methagora-erstmals-sein-innovatives-virtuelle-pipeline-konzept-erfolgreich-um\/\" >\n\t\t\t\tGemeinsam mit Renera setzt <br>Methagora erstmals sein innovatives Virtuelle-Pipeline-Konzept erfolgreich um.\t\t\t<\/a>\n\t\t<\/h3>\n\t\t\t\t<div class=\"elementor-post__meta-data\">\n\t\t\t\t\t<span class=\"elementor-post-date\">\n\t\t\t17\/09\/2024\t\t<\/span>\n\t\t\t\t<\/div>\n\t\t\t\t<div class=\"elementor-post__excerpt\">\n\t\t\t<p>Methagora und Renera geben stolz bekannt, dass das innovative Virtuelle-Pipeline-Konzept zum ersten Mal in Frankreich umgesetzt wird. Diesen Meilenstein m\u00f6glich gemacht hat der langfristige Biomethan-Abnahmevertrag (BPA) zwischen den beiden Unternehmen. <\/p>\n\t\t<\/div>\n\t\t\n\t\t<a class=\"elementor-post__read-more\" href=\"https:\/\/renera.energy\/de-de\/2024\/09\/17\/gemeinsam-mit-renera-setzt-methagora-erstmals-sein-innovatives-virtuelle-pipeline-konzept-erfolgreich-um\/\" aria-label=\"Read more about Gemeinsam mit Renera setzt &lt;br&gt;Methagora erstmals sein innovatives Virtuelle-Pipeline-Konzept erfolgreich um.\" tabindex=\"-1\" >\n\t\t\tMehr lesen \u00bb\t\t<\/a>\n\n\t\t\t\t<\/div>\n\t\t\t\t<\/article>\n\t\t\t\t<\/div>\n\t\t\n\t\t\t\t\t\t<\/div>\n\t\t\t\t<\/div>\n\t\t\t\t<\/div>\n\t\t\t\t\t<\/div>\n\t\t\t\t<\/div>\n\t\t<div class=\"elementor-element elementor-element-1334b9a e-flex e-con-boxed e-con e-parent\" data-id=\"1334b9a\" data-element_type=\"container\" data-e-type=\"container\">\n\t\t\t\t\t<div class=\"e-con-inner\">\n\t\t\t\t<div class=\"elementor-element elementor-element-d0fabf8 elementor-widget elementor-widget-heading\" data-id=\"d0fabf8\" data-element_type=\"widget\" data-e-type=\"widget\" data-widget_type=\"heading.default\">\n\t\t\t\t<div class=\"elementor-widget-container\">\n\t\t\t\t\t<h3 class=\"elementor-heading-title elementor-size-default\">Letzte News<\/h3>\t\t\t\t<\/div>\n\t\t\t\t<\/div>\n\t\t\t\t<div class=\"elementor-element elementor-element-920978a elementor-grid-3 elementor-grid-tablet-2 elementor-grid-mobile-1 elementor-posts--thumbnail-top elementor-widget elementor-widget-posts\" data-id=\"920978a\" data-element_type=\"widget\" data-e-type=\"widget\" data-settings=\"{&quot;classic_row_gap&quot;:{&quot;unit&quot;:&quot;px&quot;,&quot;size&quot;:50,&quot;sizes&quot;:[]},&quot;classic_masonry&quot;:&quot;yes&quot;,&quot;classic_columns&quot;:&quot;3&quot;,&quot;classic_columns_tablet&quot;:&quot;2&quot;,&quot;classic_columns_mobile&quot;:&quot;1&quot;,&quot;classic_row_gap_tablet&quot;:{&quot;unit&quot;:&quot;px&quot;,&quot;size&quot;:&quot;&quot;,&quot;sizes&quot;:[]},&quot;classic_row_gap_mobile&quot;:{&quot;unit&quot;:&quot;px&quot;,&quot;size&quot;:&quot;&quot;,&quot;sizes&quot;:[]}}\" data-widget_type=\"posts.classic\">\n\t\t\t\t<div class=\"elementor-widget-container\">\n\t\t\t\t\t\t\t<div class=\"elementor-posts-container elementor-posts elementor-posts--skin-classic elementor-grid\" role=\"list\">\n\t\t\t\t<article class=\"elementor-post elementor-grid-item post-32111 post type-post status-publish format-standard has-post-thumbnail hentry category-pr\" role=\"listitem\">\n\t\t\t\t<a class=\"elementor-post__thumbnail__link\" href=\"https:\/\/renera.energy\/de-de\/2024\/06\/28\/renera-steigt-mit-1-twh-abnahmevertragen-in-den-italienischen-biomethanmarkt-ein\/\" tabindex=\"-1\" >\n\t\t\t<div class=\"elementor-post__thumbnail\"><img decoding=\"async\" width=\"628\" height=\"471\" src=\"https:\/\/renera.energy\/wp-content\/uploads\/2024\/06\/Renera-market-entry-italy-628x471.png\" class=\"attachment-medium size-medium wp-image-32170\" alt=\"\" srcset=\"https:\/\/renera.energy\/wp-content\/uploads\/2024\/06\/Renera-market-entry-italy-628x471.png 628w, https:\/\/renera.energy\/wp-content\/uploads\/2024\/06\/Renera-market-entry-italy-1024x768.png 1024w, https:\/\/renera.energy\/wp-content\/uploads\/2024\/06\/Renera-market-entry-italy-768x576.png 768w, https:\/\/renera.energy\/wp-content\/uploads\/2024\/06\/Renera-market-entry-italy-1536x1152.png 1536w, https:\/\/renera.energy\/wp-content\/uploads\/2024\/06\/Renera-market-entry-italy-2048x1536.png 2048w, https:\/\/renera.energy\/wp-content\/uploads\/2024\/06\/Renera-market-entry-italy-800x600.png 800w, https:\/\/renera.energy\/wp-content\/uploads\/2024\/06\/Renera-market-entry-italy-1167x875.png 1167w, https:\/\/renera.energy\/wp-content\/uploads\/2024\/06\/Renera-market-entry-italy-1200x900.png 1200w, https:\/\/renera.energy\/wp-content\/uploads\/2024\/06\/Renera-market-entry-italy-1980x1485.png 1980w\" sizes=\"(max-width: 628px) 100vw, 628px\" \/><\/div>\n\t\t<\/a>\n\t\t\t\t<div class=\"elementor-post__text\">\n\t\t\t\t<h2 class=\"elementor-post__title\">\n\t\t\t<a href=\"https:\/\/renera.energy\/de-de\/2024\/06\/28\/renera-steigt-mit-1-twh-abnahmevertragen-in-den-italienischen-biomethanmarkt-ein\/\" >\n\t\t\t\tRenera steigt mit 1 TWh Abnahmevertr\u00e4gen in den italienischen Biomethanmarkt ein.\t\t\t<\/a>\n\t\t<\/h2>\n\t\t\t\t<div class=\"elementor-post__meta-data\">\n\t\t\t\t\t<span class=\"elementor-post-date\">\n\t\t\t28\/06\/2024\t\t<\/span>\n\t\t\t\t<\/div>\n\t\t\t\t<div class=\"elementor-post__excerpt\">\n\t\t\t<p>Renera verk\u00fcndet stolz den erfolgreichen Abschluss von zwei 10-j\u00e4hrigen Liefervertr\u00e4gen mit italienischen Biomethananlagen. Diese Projekte markieren Renera\u2019s erste langfristige Biomethan-Abnahmevertr\u00e4ge (BPA) in Italien und tragen zum wachsenden paneurop\u00e4ischen Portfolio des Unternehmens bei.<\/p>\n\t\t<\/div>\n\t\t\t\t<\/div>\n\t\t\t\t<\/article>\n\t\t\t\t<article class=\"elementor-post elementor-grid-item post-28920 post type-post status-publish format-standard has-post-thumbnail hentry category-uncategorized-de-de\" role=\"listitem\">\n\t\t\t\t<a class=\"elementor-post__thumbnail__link\" href=\"https:\/\/renera.energy\/de-de\/2024\/02\/14\/helvetia-solarstrom\/\" tabindex=\"-1\" >\n\t\t\t<div class=\"elementor-post__thumbnail\"><img decoding=\"async\" width=\"628\" height=\"471\" src=\"https:\/\/renera.energy\/wp-content\/uploads\/2024\/02\/REN_PV-roof-top_People-628x471.webp\" class=\"attachment-medium size-medium wp-image-32915\" alt=\"\" srcset=\"https:\/\/renera.energy\/wp-content\/uploads\/2024\/02\/REN_PV-roof-top_People-628x471.webp 628w, https:\/\/renera.energy\/wp-content\/uploads\/2024\/02\/REN_PV-roof-top_People-1024x768.webp 1024w, https:\/\/renera.energy\/wp-content\/uploads\/2024\/02\/REN_PV-roof-top_People-768x576.webp 768w, https:\/\/renera.energy\/wp-content\/uploads\/2024\/02\/REN_PV-roof-top_People-1536x1152.webp 1536w, https:\/\/renera.energy\/wp-content\/uploads\/2024\/02\/REN_PV-roof-top_People-800x600.webp 800w, https:\/\/renera.energy\/wp-content\/uploads\/2024\/02\/REN_PV-roof-top_People-1167x875.webp 1167w, https:\/\/renera.energy\/wp-content\/uploads\/2024\/02\/REN_PV-roof-top_People-1200x900.webp 1200w, https:\/\/renera.energy\/wp-content\/uploads\/2024\/02\/REN_PV-roof-top_People-1980x1485.webp 1980w, https:\/\/renera.energy\/wp-content\/uploads\/2024\/02\/REN_PV-roof-top_People.webp 1999w\" sizes=\"(max-width: 628px) 100vw, 628px\" \/><\/div>\n\t\t<\/a>\n\t\t\t\t<div class=\"elementor-post__text\">\n\t\t\t\t<h2 class=\"elementor-post__title\">\n\t\t\t<a href=\"https:\/\/renera.energy\/de-de\/2024\/02\/14\/helvetia-solarstrom\/\" >\n\t\t\t\tSolarstrom f\u00fcr Helvetia.\t\t\t<\/a>\n\t\t<\/h2>\n\t\t\t\t<div class=\"elementor-post__meta-data\">\n\t\t\t\t\t<span class=\"elementor-post-date\">\n\t\t\t14\/02\/2024\t\t<\/span>\n\t\t\t\t<\/div>\n\t\t\t\t<div class=\"elementor-post__excerpt\">\n\t\t\t<p>Die Zentrale der Helvetia Versicherungen in Deutschland wird k\u00fcnftig mit g\u00fcnstigem Solarstrom versorgt. Helvetia profitiert nicht nur finanziell und \u00f6kologisch von den Anlagen \u2013 sie helfen auch, Nachhaltigkeitskriterien zu erf\u00fcllen.<\/p>\n\t\t<\/div>\n\t\t\t\t<\/div>\n\t\t\t\t<\/article>\n\t\t\t\t<article class=\"elementor-post elementor-grid-item post-26760 post type-post status-publish format-standard has-post-thumbnail hentry category-referenzprojekte\" role=\"listitem\">\n\t\t\t\t<a class=\"elementor-post__thumbnail__link\" href=\"https:\/\/renera.energy\/de-de\/2023\/09\/22\/photovoltaik-fuer-die-pimco\/\" tabindex=\"-1\" >\n\t\t\t<div class=\"elementor-post__thumbnail\"><img loading=\"lazy\" decoding=\"async\" width=\"628\" height=\"377\" src=\"https:\/\/renera.energy\/wp-content\/uploads\/2023\/09\/frankfurt-628x377.jpg\" class=\"attachment-medium size-medium wp-image-26748\" alt=\"\" srcset=\"https:\/\/renera.energy\/wp-content\/uploads\/2023\/09\/frankfurt-628x377.jpg 628w, https:\/\/renera.energy\/wp-content\/uploads\/2023\/09\/frankfurt-1024x614.jpg 1024w, https:\/\/renera.energy\/wp-content\/uploads\/2023\/09\/frankfurt-768x461.jpg 768w, https:\/\/renera.energy\/wp-content\/uploads\/2023\/09\/frankfurt-1536x922.jpg 1536w, https:\/\/renera.energy\/wp-content\/uploads\/2023\/09\/frankfurt-1000x600.jpg 1000w, https:\/\/renera.energy\/wp-content\/uploads\/2023\/09\/frankfurt-1458x875.jpg 1458w, https:\/\/renera.energy\/wp-content\/uploads\/2023\/09\/frankfurt-1200x720.jpg 1200w, https:\/\/renera.energy\/wp-content\/uploads\/2023\/09\/frankfurt.jpg 1900w\" sizes=\"(max-width: 628px) 100vw, 628px\" \/><\/div>\n\t\t<\/a>\n\t\t\t\t<div class=\"elementor-post__text\">\n\t\t\t\t<h2 class=\"elementor-post__title\">\n\t\t\t<a href=\"https:\/\/renera.energy\/de-de\/2023\/09\/22\/photovoltaik-fuer-die-pimco\/\" >\n\t\t\t\tPhotovoltaik f\u00fcr die PIMCO.\t\t\t<\/a>\n\t\t<\/h2>\n\t\t\t\t<div class=\"elementor-post__meta-data\">\n\t\t\t\t\t<span class=\"elementor-post-date\">\n\t\t\t22\/09\/2023\t\t<\/span>\n\t\t\t\t<\/div>\n\t\t\t\t<div class=\"elementor-post__excerpt\">\n\t\t\t<p>Renera Energy unterzog das North-Central-Europe Immobilien-Portfolio der PIMCO (ehemals Allianz Real Estate) einer umfassenden Analyse. Unsere Fachleute zeigten auf, dass sich auf mindestens 21 von 97 Liegenschaften in Deutschland wirtschaftliche Solarstromanlagen betreiben lassen. Dabei liesse sich eine durchschnittliche Rendite von 6,9 Prozent erzielen. Die Immobiliengesellschaft hat gemeinsam mit Renera Energy bereits mit der Realisierung der ersten 17 Projekte begonnen.<\/p>\n\t\t<\/div>\n\t\t\t\t<\/div>\n\t\t\t\t<\/article>\n\t\t\t\t<\/div>\n\t\t\n\t\t\t\t\t\t<\/div>\n\t\t\t\t<\/div>\n\t\t\t\t\t<\/div>\n\t\t\t\t<\/div>\n\t\t<div class=\"elementor-element elementor-element-b658737 e-flex e-con-boxed e-con e-parent\" data-id=\"b658737\" data-element_type=\"container\" data-e-type=\"container\">\n\t\t\t\t\t<div class=\"e-con-inner\">\n\t\t\t\t<div class=\"elementor-element elementor-element-87178bc elementor-widget elementor-widget-spacer\" data-id=\"87178bc\" data-element_type=\"widget\" data-e-type=\"widget\" data-widget_type=\"spacer.default\">\n\t\t\t\t<div class=\"elementor-widget-container\">\n\t\t\t\t\t\t\t<div class=\"elementor-spacer\">\n\t\t\t<div class=\"elementor-spacer-inner\"><\/div>\n\t\t<\/div>\n\t\t\t\t\t\t<\/div>\n\t\t\t\t<\/div>\n\t\t\t\t\t<\/div>\n\t\t\t\t<\/div>\n\t\t\t\t<\/div>\n\t\t","protected":false},"excerpt":{"rendered":"<p>Unsere News Letzte News<\/p>\n","protected":false},"author":2,"featured_media":26300,"parent":0,"menu_order":0,"comment_status":"closed","ping_status":"closed","template":"","meta":{"_acf_changed":false,"inline_featured_image":false,"footnotes":""},"folder":[27],"class_list":["post-28733","page","type-page","status-publish","has-post-thumbnail","hentry"],"acf":[],"yoast_head":"<!-- This site is optimized with the Yoast SEO plugin v27.1.1 - https:\/\/yoast.com\/product\/yoast-seo-wordpress\/ -->\n<title>News Renera Energy<\/title>\n<meta name=\"description\" content=\"Bleiben Sie informiert. Renera verf\u00fcgt \u00fcber langj\u00e4hrige Erfahrung im Bereich der erneuerbaren Energien. Wir ver\u00f6ffentlichen laufend Neuigkeiten und geben Einblicke in unsere Projekte und Ergebnisse.\" \/>\n<meta name=\"robots\" content=\"index, follow, max-snippet:-1, max-image-preview:large, max-video-preview:-1\" \/>\n<link rel=\"canonical\" href=\"https:\/\/renera.energy\/de-de\/news\/\" \/>\n<meta property=\"og:locale\" content=\"de_DE\" \/>\n<meta property=\"og:type\" content=\"article\" \/>\n<meta property=\"og:title\" content=\"News Renera Energy\" \/>\n<meta property=\"og:description\" content=\"Bleiben Sie informiert. Renera verf\u00fcgt \u00fcber langj\u00e4hrige Erfahrung im Bereich der erneuerbaren Energien. Wir ver\u00f6ffentlichen laufend Neuigkeiten und geben Einblicke in unsere Projekte und Ergebnisse.\" \/>\n<meta property=\"og:url\" content=\"https:\/\/renera.energy\/de-de\/news\/\" \/>\n<meta property=\"og:site_name\" content=\"Renera\" \/>\n<meta property=\"article:modified_time\" content=\"2025-04-24T13:46:26+00:00\" \/>\n<meta property=\"og:image\" content=\"https:\/\/renera.energy\/wp-content\/uploads\/2023\/01\/renera-home-header-desktop.webp\" \/>\n\t<meta property=\"og:image:width\" content=\"2560\" \/>\n\t<meta property=\"og:image:height\" content=\"875\" \/>\n\t<meta property=\"og:image:type\" content=\"image\/webp\" \/>\n<meta name=\"twitter:card\" content=\"summary_large_image\" \/>\n<meta name=\"twitter:label1\" content=\"Est. reading time\" \/>\n\t<meta name=\"twitter:data1\" content=\"3 minutes\" \/>\n<script type=\"application\/ld+json\" class=\"yoast-schema-graph\">{\"@context\":\"https:\/\/schema.org\",\"@graph\":[{\"@type\":\"WebPage\",\"@id\":\"https:\/\/renera.energy\/de-de\/news\/\",\"url\":\"https:\/\/renera.energy\/de-de\/news\/\",\"name\":\"News Renera Energy\",\"isPartOf\":{\"@id\":\"https:\/\/renera.energy\/de-de\/#website\"},\"primaryImageOfPage\":{\"@id\":\"https:\/\/renera.energy\/de-de\/news\/#primaryimage\"},\"image\":{\"@id\":\"https:\/\/renera.energy\/de-de\/news\/#primaryimage\"},\"thumbnailUrl\":\"https:\/\/renera.energy\/wp-content\/uploads\/2023\/01\/renera-home-header-desktop.webp\",\"datePublished\":\"2023-03-23T12:35:44+00:00\",\"dateModified\":\"2025-04-24T13:46:26+00:00\",\"description\":\"Bleiben Sie informiert. Renera verf\u00fcgt \u00fcber langj\u00e4hrige Erfahrung im Bereich der erneuerbaren Energien. Wir ver\u00f6ffentlichen laufend Neuigkeiten und geben Einblicke in unsere Projekte und Ergebnisse.\",\"breadcrumb\":{\"@id\":\"https:\/\/renera.energy\/de-de\/news\/#breadcrumb\"},\"inLanguage\":\"de-de\",\"potentialAction\":[{\"@type\":\"ReadAction\",\"target\":[\"https:\/\/renera.energy\/de-de\/news\/\"]}]},{\"@type\":\"ImageObject\",\"inLanguage\":\"de-de\",\"@id\":\"https:\/\/renera.energy\/de-de\/news\/#primaryimage\",\"url\":\"https:\/\/renera.energy\/wp-content\/uploads\/2023\/01\/renera-home-header-desktop.webp\",\"contentUrl\":\"https:\/\/renera.energy\/wp-content\/uploads\/2023\/01\/renera-home-header-desktop.webp\",\"width\":2560,\"height\":875},{\"@type\":\"BreadcrumbList\",\"@id\":\"https:\/\/renera.energy\/de-de\/news\/#breadcrumb\",\"itemListElement\":[{\"@type\":\"ListItem\",\"position\":1,\"name\":\"Home\",\"item\":\"https:\/\/renera.energy\/de-de\/\"},{\"@type\":\"ListItem\",\"position\":2,\"name\":\"Aktuelles_de-de\"}]},{\"@type\":\"WebSite\",\"@id\":\"https:\/\/renera.energy\/de-de\/#website\",\"url\":\"https:\/\/renera.energy\/de-de\/\",\"name\":\"Renera Energy\",\"description\":\"\",\"publisher\":{\"@id\":\"https:\/\/renera.energy\/de-de\/#organization\"},\"potentialAction\":[{\"@type\":\"SearchAction\",\"target\":{\"@type\":\"EntryPoint\",\"urlTemplate\":\"https:\/\/renera.energy\/de-de\/?s={search_term_string}\"},\"query-input\":{\"@type\":\"PropertyValueSpecification\",\"valueRequired\":true,\"valueName\":\"search_term_string\"}}],\"inLanguage\":\"de-de\"},{\"@type\":\"Organization\",\"@id\":\"https:\/\/renera.energy\/de-de\/#organization\",\"name\":\"Renera Energy\",\"url\":\"https:\/\/renera.energy\/de-de\/\",\"logo\":{\"@type\":\"ImageObject\",\"inLanguage\":\"de-de\",\"@id\":\"https:\/\/renera.energy\/de-de\/#\/schema\/logo\/image\/\",\"url\":\"https:\/\/renera.energy\/wp-content\/uploads\/2026\/01\/Renera.svg\",\"contentUrl\":\"https:\/\/renera.energy\/wp-content\/uploads\/2026\/01\/Renera.svg\",\"width\":161,\"height\":28,\"caption\":\"Renera Energy\"},\"image\":{\"@id\":\"https:\/\/renera.energy\/de-de\/#\/schema\/logo\/image\/\"},\"sameAs\":[\"https:\/\/www.linkedin.com\/company\/renera-energy\/\"]}]}<\/script>\n<!-- \/ Yoast SEO plugin. -->","yoast_head_json":{"title":"News Renera Energy","description":"Bleiben Sie informiert. Renera verf\u00fcgt \u00fcber langj\u00e4hrige Erfahrung im Bereich der erneuerbaren Energien. Wir ver\u00f6ffentlichen laufend Neuigkeiten und geben Einblicke in unsere Projekte und Ergebnisse.","robots":{"index":"index","follow":"follow","max-snippet":"max-snippet:-1","max-image-preview":"max-image-preview:large","max-video-preview":"max-video-preview:-1"},"canonical":"https:\/\/renera.energy\/de-de\/news\/","og_locale":"de_DE","og_type":"article","og_title":"News Renera Energy","og_description":"Bleiben Sie informiert. Renera verf\u00fcgt \u00fcber langj\u00e4hrige Erfahrung im Bereich der erneuerbaren Energien. Wir ver\u00f6ffentlichen laufend Neuigkeiten und geben Einblicke in unsere Projekte und Ergebnisse.","og_url":"https:\/\/renera.energy\/de-de\/news\/","og_site_name":"Renera","article_modified_time":"2025-04-24T13:46:26+00:00","og_image":[{"width":2560,"height":875,"url":"https:\/\/renera.energy\/wp-content\/uploads\/2023\/01\/renera-home-header-desktop.webp","type":"image\/webp"}],"twitter_card":"summary_large_image","twitter_misc":{"Est. reading time":"3 minutes"},"schema":{"@context":"https:\/\/schema.org","@graph":[{"@type":"WebPage","@id":"https:\/\/renera.energy\/de-de\/news\/","url":"https:\/\/renera.energy\/de-de\/news\/","name":"News Renera Energy","isPartOf":{"@id":"https:\/\/renera.energy\/de-de\/#website"},"primaryImageOfPage":{"@id":"https:\/\/renera.energy\/de-de\/news\/#primaryimage"},"image":{"@id":"https:\/\/renera.energy\/de-de\/news\/#primaryimage"},"thumbnailUrl":"https:\/\/renera.energy\/wp-content\/uploads\/2023\/01\/renera-home-header-desktop.webp","datePublished":"2023-03-23T12:35:44+00:00","dateModified":"2025-04-24T13:46:26+00:00","description":"Bleiben Sie informiert. Renera verf\u00fcgt \u00fcber langj\u00e4hrige Erfahrung im Bereich der erneuerbaren Energien. Wir ver\u00f6ffentlichen laufend Neuigkeiten und geben Einblicke in unsere Projekte und Ergebnisse.","breadcrumb":{"@id":"https:\/\/renera.energy\/de-de\/news\/#breadcrumb"},"inLanguage":"de-de","potentialAction":[{"@type":"ReadAction","target":["https:\/\/renera.energy\/de-de\/news\/"]}]},{"@type":"ImageObject","inLanguage":"de-de","@id":"https:\/\/renera.energy\/de-de\/news\/#primaryimage","url":"https:\/\/renera.energy\/wp-content\/uploads\/2023\/01\/renera-home-header-desktop.webp","contentUrl":"https:\/\/renera.energy\/wp-content\/uploads\/2023\/01\/renera-home-header-desktop.webp","width":2560,"height":875},{"@type":"BreadcrumbList","@id":"https:\/\/renera.energy\/de-de\/news\/#breadcrumb","itemListElement":[{"@type":"ListItem","position":1,"name":"Home","item":"https:\/\/renera.energy\/de-de\/"},{"@type":"ListItem","position":2,"name":"Aktuelles_de-de"}]},{"@type":"WebSite","@id":"https:\/\/renera.energy\/de-de\/#website","url":"https:\/\/renera.energy\/de-de\/","name":"Renera Energy","description":"","publisher":{"@id":"https:\/\/renera.energy\/de-de\/#organization"},"potentialAction":[{"@type":"SearchAction","target":{"@type":"EntryPoint","urlTemplate":"https:\/\/renera.energy\/de-de\/?s={search_term_string}"},"query-input":{"@type":"PropertyValueSpecification","valueRequired":true,"valueName":"search_term_string"}}],"inLanguage":"de-de"},{"@type":"Organization","@id":"https:\/\/renera.energy\/de-de\/#organization","name":"Renera Energy","url":"https:\/\/renera.energy\/de-de\/","logo":{"@type":"ImageObject","inLanguage":"de-de","@id":"https:\/\/renera.energy\/de-de\/#\/schema\/logo\/image\/","url":"https:\/\/renera.energy\/wp-content\/uploads\/2026\/01\/Renera.svg","contentUrl":"https:\/\/renera.energy\/wp-content\/uploads\/2026\/01\/Renera.svg","width":161,"height":28,"caption":"Renera Energy"},"image":{"@id":"https:\/\/renera.energy\/de-de\/#\/schema\/logo\/image\/"},"sameAs":["https:\/\/www.linkedin.com\/company\/renera-energy\/"]}]}},"_links":{"self":[{"href":"https:\/\/renera.energy\/de-de\/wp-json\/wp\/v2\/pages\/28733","targetHints":{"allow":["GET"]}}],"collection":[{"href":"https:\/\/renera.energy\/de-de\/wp-json\/wp\/v2\/pages"}],"about":[{"href":"https:\/\/renera.energy\/de-de\/wp-json\/wp\/v2\/types\/page"}],"author":[{"embeddable":true,"href":"https:\/\/renera.energy\/de-de\/wp-json\/wp\/v2\/users\/2"}],"replies":[{"embeddable":true,"href":"https:\/\/renera.energy\/de-de\/wp-json\/wp\/v2\/comments?post=28733"}],"version-history":[{"count":34,"href":"https:\/\/renera.energy\/de-de\/wp-json\/wp\/v2\/pages\/28733\/revisions"}],"predecessor-version":[{"id":33557,"href":"https:\/\/renera.energy\/de-de\/wp-json\/wp\/v2\/pages\/28733\/revisions\/33557"}],"wp:featuredmedia":[{"embeddable":true,"href":"https:\/\/renera.energy\/de-de\/wp-json\/wp\/v2\/media\/26300"}],"wp:attachment":[{"href":"https:\/\/renera.energy\/de-de\/wp-json\/wp\/v2\/media?parent=28733"}],"wp:term":[{"taxonomy":"folder","embeddable":true,"href":"https:\/\/renera.energy\/de-de\/wp-json\/wp\/v2\/folder?post=28733"}],"curies":[{"name":"wp","href":"https:\/\/api.w.org\/{rel}","templated":true}]}}